{"id":46535,"date":"2020-10-22T03:32:10","date_gmt":"2020-10-22T03:32:10","guid":{"rendered":"https:\/\/filtertech.ca\/nous-contacter\/"},"modified":"2026-03-30T08:03:17","modified_gmt":"2026-03-30T08:03:17","slug":"nous-contacter","status":"publish","type":"page","link":"https:\/\/filtertech.ca\/fr\/nous-contacter\/","title":{"rendered":"Nous contacter"},"content":{"rendered":"\n<p>Ceci est une page dexemple. Elle est diff\u00e9rente dun article de blog car elle restera \u00e0 un seul endroit et appara\u00eetra dans la navigation de votre site (dans la plupart des th\u00e8mes). La plupart des gens commencent par une page \u00ab \u00c0 propos \u00bb qui les pr\u00e9sente aux visiteurs potentiels du site. Elle pourrait indiquer ceci :<\/p>\n\n<iframe src=\"https:\/\/www.google.com\/maps\/embed?pb=!1m14!1m8!1m3!1d11178.328308222106!2d-73.658178!3d45.538615!3m2!1i1024!2i768!4f13.1!3m3!1m2!1s0x0%3A0x85b17e7c23b49595!2sFiltertech%20Inc!5e0!3m2!1sen!2sca!4v1603383952303!5m2!1sen!2sca\" width=\"600\" height=\"450\" frameborder=\"0\" style=\"border:0;\" allowfullscreen=\"\" aria-hidden=\"false\" tabindex=\"0\"><\/iframe>\n\n<p>En tant que nouvel utilisateur WordPress, vous devriez vous rendre sur <a href=\"https:\/\/filtertech.ca\/wp-admin\/\">votre tableau de bord<\/a> pour supprimer cette page et cr\u00e9er de nouvelles pages pour votre contenu. Amusez-vous !<\/p>\n","protected":false},"excerpt":{"rendered":"<p>Ceci est une page dexemple. Elle est diff\u00e9rente dun article de blog car elle restera \u00e0 un seul endroit et appara\u00eetra dans la navigation de votre site (dans la plupart des th\u00e8mes). La plupart des gens commencent par une page \u00ab \u00c0 propos \u00bb qui les pr\u00e9sente aux visiteurs potentiels du site. Elle pourrait indiquer [&hellip;]<\/p>\n","protected":false},"author":1,"featured_media":0,"parent":0,"menu_order":0,"comment_status":"closed","ping_status":"open","template":"","meta":{"_acf_changed":false,"footnotes":""},"class_list":["post-46535","page","type-page","status-publish","hentry","entry"],"acf":[],"_links":{"self":[{"href":"https:\/\/filtertech.ca\/fr\/wp-json\/wp\/v2\/pages\/46535","targetHints":{"allow":["GET"]}}],"collection":[{"href":"https:\/\/filtertech.ca\/fr\/wp-json\/wp\/v2\/pages"}],"about":[{"href":"https:\/\/filtertech.ca\/fr\/wp-json\/wp\/v2\/types\/page"}],"author":[{"embeddable":true,"href":"https:\/\/filtertech.ca\/fr\/wp-json\/wp\/v2\/users\/1"}],"replies":[{"embeddable":true,"href":"https:\/\/filtertech.ca\/fr\/wp-json\/wp\/v2\/comments?post=46535"}],"version-history":[{"count":1,"href":"https:\/\/filtertech.ca\/fr\/wp-json\/wp\/v2\/pages\/46535\/revisions"}],"predecessor-version":[{"id":46536,"href":"https:\/\/filtertech.ca\/fr\/wp-json\/wp\/v2\/pages\/46535\/revisions\/46536"}],"wp:attachment":[{"href":"https:\/\/filtertech.ca\/fr\/wp-json\/wp\/v2\/media?parent=46535"}],"curies":[{"name":"wp","href":"https:\/\/api.w.org\/{rel}","templated":true}]}}